				
								{"id":20,"date":"2021-11-05T10:46:55","date_gmt":"2021-11-05T10:46:55","guid":{"rendered":"https:\/\/bludelego.it\/?page_id=20"},"modified":"2025-09-30T15:05:24","modified_gmt":"2025-09-30T15:05:24","slug":"contatti","status":"publish","type":"page","link":"https:\/\/bludelego.it\/ro\/contatti\/","title":{"rendered":"Contacte"},"content":{"rendered":"<h1 class=\"random-letters\">Simte-te liber s\u0103 ne contactezi<\/h1>\n<p>Sun\u0103-ne: <a target=\"_blank\" href=\"tel:04221495013\">04221495013<\/a> Scrie-ne: <a target=\"_blank\" href=\"mailto:info@bludelego.it\">info@bludelego.it<\/a> V\u0103 rug\u0103m s\u0103 completa\u021bi formularul de mai jos \u0219i v\u0103 vom contacta \u00een cel mai scurt timp:<\/p>\n<div class=\"page-contacts__form form\"><div role=\"form\" class=\"wpcf7\" id=\"wpcf7-f1263-o1\" lang=\"it-IT\" dir=\"ltr\">\n<div class=\"screen-reader-response\"><p role=\"status\" aria-live=\"polite\" aria-atomic=\"true\"><\/p> <ul><\/ul><\/div>\n<form action=\"\/ro\/wp-json\/wp\/v2\/pages\/20#wpcf7-f1263-o1\" method=\"post\" class=\"wpcf7-form init\" novalidate=\"novalidate\" data-status=\"init\">\n<div style=\"display: none;\">\n<input type=\"hidden\" name=\"_wpcf7\" value=\"1263\" \/>\n<input type=\"hidden\" name=\"_wpcf7_version\" value=\"5.5.2\" \/>\n<input type=\"hidden\" name=\"_wpcf7_locale\" value=\"it_IT\" \/>\n<input type=\"hidden\" name=\"_wpcf7_unit_tag\" value=\"wpcf7-f1263-o1\" \/>\n<input type=\"hidden\" name=\"_wpcf7_container_post\" value=\"0\" \/>\n<input type=\"hidden\" name=\"_wpcf7_posted_data_hash\" value=\"\" \/>\n<\/div>\n<div class=\"form-group\"><span class=\"wpcf7-form-control-wrap your-name\"><input type=\"text\" name=\"your-name\" value=\"\" size=\"40\" class=\"wpcf7-form-control wpcf7-text wpcf7-validates-as-required\" aria-required=\"true\" aria-invalid=\"false\" placeholder=\"First name and Last name \/ Company name\" \/><\/span><\/div>\n<div class=\"form-group--flex\">\n<div class=\"form-group\"><span class=\"wpcf7-form-control-wrap your-email\"><input type=\"email\" name=\"your-email\" value=\"\" size=\"40\" class=\"wpcf7-form-control wpcf7-text wpcf7-email wpcf7-validates-as-required wpcf7-validates-as-email\" aria-required=\"true\" aria-invalid=\"false\" placeholder=\"Email\" \/><\/span><\/div>\n<div class=\"form-group\"><span class=\"wpcf7-form-control-wrap your-phone\"><input type=\"text\" name=\"your-phone\" value=\"\" size=\"40\" class=\"wpcf7-form-control wpcf7-text wpcf7-validates-as-required\" aria-required=\"true\" aria-invalid=\"false\" placeholder=\"Phone\" \/><\/span><\/div>\n<\/div>\n<div class=\"form-group\"><span class=\"wpcf7-form-control-wrap your-message\"><input type=\"text\" name=\"your-message\" value=\"\" size=\"40\" class=\"wpcf7-form-control wpcf7-text wpcf7-validates-as-required\" aria-required=\"true\" aria-invalid=\"false\" placeholder=\"Tell us about your company\/business and the service you are interested in.\" \/><\/span><\/div>\n<div class=\"form-group form-group--radios\">\n<div class=\"form-group-title\">Which service are you interested in?<\/div>\n<p><span class=\"wpcf7-form-control-wrap your-service\"><span class=\"wpcf7-form-control wpcf7-checkbox\"><span class=\"wpcf7-list-item first\"><label><input type=\"checkbox\" name=\"your-service[]\" value=\"Websites\" \/><span class=\"wpcf7-list-item-label\">Websites<\/span><\/label><\/span><span class=\"wpcf7-list-item\"><label><input type=\"checkbox\" name=\"your-service[]\" value=\"Ecommerce\" \/><span class=\"wpcf7-list-item-label\">Ecommerce<\/span><\/label><\/span><span class=\"wpcf7-list-item\"><label><input type=\"checkbox\" name=\"your-service[]\" value=\"Smartphone apps\" \/><span class=\"wpcf7-list-item-label\">Smartphone apps<\/span><\/label><\/span><span class=\"wpcf7-list-item\"><label><input type=\"checkbox\" name=\"your-service[]\" value=\"Web apps\" \/><span class=\"wpcf7-list-item-label\">Web apps<\/span><\/label><\/span><span class=\"wpcf7-list-item\"><label><input type=\"checkbox\" name=\"your-service[]\" value=\"Branding &amp; Graphic design\" \/><span class=\"wpcf7-list-item-label\">Branding &amp; Graphic design<\/span><\/label><\/span><span class=\"wpcf7-list-item\"><label><input type=\"checkbox\" name=\"your-service[]\" value=\"Social &amp; Digital Marketing\" \/><span class=\"wpcf7-list-item-label\">Social &amp; Digital Marketing<\/span><\/label><\/span><span class=\"wpcf7-list-item\"><label><input type=\"checkbox\" name=\"your-service[]\" value=\"Accounting Services\" \/><span class=\"wpcf7-list-item-label\">Accounting Services<\/span><\/label><\/span><span class=\"wpcf7-list-item\"><label><input type=\"checkbox\" name=\"your-service[]\" value=\"Back Office\" \/><span class=\"wpcf7-list-item-label\">Back Office<\/span><\/label><\/span><span class=\"wpcf7-list-item\"><label><input type=\"checkbox\" name=\"your-service[]\" value=\"Data Processing\" \/><span class=\"wpcf7-list-item-label\">Data Processing<\/span><\/label><\/span><span class=\"wpcf7-list-item\"><label><input type=\"checkbox\" name=\"your-service[]\" value=\"Outsourcing IT\" \/><span class=\"wpcf7-list-item-label\">Outsourcing IT<\/span><\/label><\/span><span class=\"wpcf7-list-item\"><label><input type=\"checkbox\" name=\"your-service[]\" value=\"Digitalization\" \/><span class=\"wpcf7-list-item-label\">Digitalization<\/span><\/label><\/span><span class=\"wpcf7-list-item last\"><label><input type=\"checkbox\" name=\"your-service[]\" value=\"Front Office\" \/><span class=\"wpcf7-list-item-label\">Front Office<\/span><\/label><\/span><\/span><\/span>\n<\/p><\/div>\n<div class=\"form-footer\">\n<div class=\"privacy\">\n        <span class=\"wpcf7-form-control-wrap acceptance-223\"><span class=\"wpcf7-form-control wpcf7-acceptance\"><span class=\"wpcf7-list-item\"><label><input type=\"checkbox\" name=\"acceptance-223\" value=\"1\" aria-invalid=\"false\" \/><span class=\"wpcf7-list-item-label\">By clicking submit, you agree to <br> our <a href=\"\/privacy-policy\/\" target=\"_blank\">privacy policy<\/a><\/span><\/label><\/span><\/span><\/span>\n    <\/div>\n<div class=\"form-group__submit\">\n    <div class=\"cf7-cf-turnstile\" style=\"margin-top: 0px; margin-bottom: -15px;\"> <div id=\"cf-turnstile-cf7-1208181243\" class=\"cf-turnstile\" data-sitekey=\"0x4AAAAAAAbVEwvr9RvT3UHP\" data-theme=\"light\" data-language=\"auto\" data-retry=\"auto\" data-retry-interval=\"1000\" data-action=\"contact-form-7\" data-appearance=\"always\"><\/div> <script>document.addEventListener(\"DOMContentLoaded\",(function(){var e=document.getElementById(\"cf-turnstile-cf7-1208181243\");e&&turnstile.render(\"#cf-turnstile-cf7-1208181243\",{sitekey:\"0x4AAAAAAAbVEwvr9RvT3UHP\"})}));<\/script> <br class=\"cf-turnstile-br cf-turnstile-br-cf7-1208181243\"> <style>#cf-turnstile-cf7-1208181243 { margin-left: -15px; }<\/style> <script>document.addEventListener(\"DOMContentLoaded\",function(){document.querySelectorAll('.wpcf7-form').forEach(function(e){e.addEventListener('submit',function(){if(document.getElementById('cf-turnstile-cf7-1208181243')){setTimeout(function(){turnstile.render('#cf-turnstile-cf7-1208181243');},4000)}})})});<\/script> <\/div><br\/><input type=\"submit\" value=\"Submit\" class=\"wpcf7-form-control has-spinner wpcf7-submit\" \/>\n<\/div>\n<\/div>\n<div class=\"wpcf7-response-output\" aria-hidden=\"true\"><\/div><\/form><\/div><\/div>\n<div class=\"page-contacts__seg\">Ne afl\u0103m aici: \u00a0<\/div>\n<p><a href=\"https:\/\/www.google.com\/maps\/place\/Via+Sile,+17,+31057+Silea+TV,+Italia\/@45.6512166,12.2925184,17z\/data=!3m1!4b1!4m5!3m4!1s0x47794905e1c446dd:0x763fc7b075479110!8m2!3d45.6512166!4d12.2947071?hl=it\" target=\"_blank\" rel=\"noopener\">Via Sile 17\/b 31057 Treviso (Italy)<\/a>.<\/p>\n","protected":false},"excerpt":{"rendered":"<p>Simte-te liber s\u0103 ne contactezi Sun\u0103-ne: Scrie-ne: V\u0103 rug\u0103m s\u0103 completa\u021bi formularul de mai jos \u0219i v\u0103 vom contacta \u00een cel mai scurt timp: Ne afl\u0103m aici: \u00a0 .<\/p>\n","protected":false},"author":1,"featured_media":311,"parent":0,"menu_order":0,"comment_status":"closed","ping_status":"closed","template":"page-contatti.php","meta":{"footnotes":""},"class_list":["post-20","page","type-page","status-publish","has-post-thumbnail","hentry"],"translation":{"provider":"WPGlobus","version":"2.10.10","language":"ro","enabled_languages":["it","en","ro"],"languages":{"it":{"title":true,"content":true,"excerpt":false},"en":{"title":true,"content":true,"excerpt":false},"ro":{"title":true,"content":true,"excerpt":false}}},"_links":{"self":[{"href":"https:\/\/bludelego.it\/ro\/wp-json\/wp\/v2\/pages\/20","targetHints":{"allow":["GET"]}}],"collection":[{"href":"https:\/\/bludelego.it\/ro\/wp-json\/wp\/v2\/pages"}],"about":[{"href":"https:\/\/bludelego.it\/ro\/wp-json\/wp\/v2\/types\/page"}],"author":[{"embeddable":true,"href":"https:\/\/bludelego.it\/ro\/wp-json\/wp\/v2\/users\/1"}],"replies":[{"embeddable":true,"href":"https:\/\/bludelego.it\/ro\/wp-json\/wp\/v2\/comments?post=20"}],"version-history":[{"count":4,"href":"https:\/\/bludelego.it\/ro\/wp-json\/wp\/v2\/pages\/20\/revisions"}],"predecessor-version":[{"id":2592,"href":"https:\/\/bludelego.it\/ro\/wp-json\/wp\/v2\/pages\/20\/revisions\/2592"}],"wp:featuredmedia":[{"embeddable":true,"href":"https:\/\/bludelego.it\/ro\/wp-json\/wp\/v2\/media\/311"}],"wp:attachment":[{"href":"https:\/\/bludelego.it\/ro\/wp-json\/wp\/v2\/media?parent=20"}],"curies":[{"name":"wp","href":"https:\/\/api.w.org\/{rel}","templated":true}]}}